{"id":2824,"date":"2020-05-15T18:03:11","date_gmt":"2020-05-15T18:03:11","guid":{"rendered":"https:\/\/www.startesposende.pt\/politica-de-privacidade\/"},"modified":"2026-01-20T14:30:28","modified_gmt":"2026-01-20T14:30:28","slug":"privacy-policy","status":"publish","type":"page","link":"https:\/\/www.startesposende.pt\/en\/privacy-policy\/","title":{"rendered":"Privacy Policy"},"content":{"rendered":"\t\t<div data-elementor-type=\"wp-page\" data-elementor-id=\"2824\" class=\"elementor elementor-2824 elementor-632\" data-elementor-post-type=\"page\">\n\t\t\t\t\t\t<section class=\"elementor-section elementor-top-section elementor-element elementor-element-dc8f063 elementor-section-boxed elementor-section-height-default elementor-section-height-default\" data-id=\"dc8f063\" data-element_type=\"section\" data-e-type=\"section\">\n\t\t\t\t\t\t<div class=\"elementor-container elementor-column-gap-default\">\n\t\t\t\t\t<div class=\"elementor-column elementor-col-100 elementor-top-column elementor-element elementor-element-0f18900\" data-id=\"0f18900\" data-element_type=\"column\" data-e-type=\"column\">\n\t\t\t<div class=\"elementor-widget-wrap elementor-element-populated\">\n\t\t\t\t\t\t<div class=\"elementor-element elementor-element-81c806a elementor-widget elementor-widget-heading\" data-id=\"81c806a\" data-element_type=\"widget\" data-e-type=\"widget\" data-widget_type=\"heading.default\">\n\t\t\t\t<div class=\"elementor-widget-container\">\n\t\t\t\t\t<h2 class=\"elementor-heading-title elementor-size-default\">Privacy Policy \u2013 START Esposende<\/h2>\t\t\t\t<\/div>\n\t\t\t\t<\/div>\n\t\t\t\t\t<\/div>\n\t\t<\/div>\n\t\t\t\t\t<\/div>\n\t\t<\/section>\n\t\t\t\t<section class=\"elementor-section elementor-top-section elementor-element elementor-element-4e5a8d0 elementor-section-boxed elementor-section-height-default elementor-section-height-default\" data-id=\"4e5a8d0\" data-element_type=\"section\" data-e-type=\"section\">\n\t\t\t\t\t\t<div class=\"elementor-container elementor-column-gap-default\">\n\t\t\t\t\t<div class=\"elementor-column elementor-col-100 elementor-top-column elementor-element elementor-element-4819282\" data-id=\"4819282\" data-element_type=\"column\" data-e-type=\"column\">\n\t\t\t<div class=\"elementor-widget-wrap elementor-element-populated\">\n\t\t\t\t\t\t<div class=\"elementor-element elementor-element-940763c elementor-widget elementor-widget-text-editor\" data-id=\"940763c\" data-element_type=\"widget\" data-e-type=\"widget\" data-widget_type=\"text-editor.default\">\n\t\t\t\t<div class=\"elementor-widget-container\">\n\t\t\t\t\t\t\t\t\t<p><strong>Privacy Policy<\/strong><\/p>\n<p>The Municipality of Esposende is committed towards respecting the privacy of its users and, for that reason, the following Privacy Policy was written to duly inform the users on how the website works and how their personal data is used.<\/p>\n<p>The references in this Privacy Policy to \u201cMunicipality of Esposende\u201d, \u201cwe\u201d, \u201cus\u201d or \u201cour\u201d refer to START Esposende.<\/p>\n<p>Any amendments to our Privacy Policy, after actively receiving personal data, and that may compromise the purposes thereto, can be consulted in this webpage.<\/p>\n<p>&nbsp;<\/p>\n<p><strong>Retention of Personal Data<\/strong><\/p>\n<p>Under the terms of General Data Protection Regulation (GDPR) \u2013 Regulation (EU) 2016\/679 of the European Parliament and of the Council \u2013 all personal data are submitted to digital treatment and will be stored.<\/p>\n<p>After collecting the personal data you have voluntarily sent us, it will be stored and kept until you specifically ask otherwise, or as long as it is strictly necessary for the purposes that motivated such collection in the first place or for the period of time determined by the Portuguese Data Protection Authority. Keeping this data allows us to keep providing tailor made services with no interruptions.<\/p>\n<p>Any user can freely choose whether to provide any individualized personal information. By sending your personal data you agree on the collection, use and dissemination within the Municipality of Esposende and its subsidiary companies, according to the rules expressed hereby, namely not to disclose information related to users and which has been provided by them without their authorization, except for the purposes for which it is intended.<\/p>\n<p>In compliance with the Data Protection Regulation, the owner of the personal data can, at any time, use the e-mail address <a href=\"mailto:dpo@cm-esposende.pt\">dpo@cm-esposende.pt<\/a> to exercise the right to refuse marketing communications, rectify or cancel any personal data.<\/p>\n<p>Any form on this website admits the subscription of the newsletter database according to the principles referred in this section.<\/p>\n<p><strong>\u00a0<\/strong><\/p>\n<p><strong>Data Security and Use<\/strong><\/p>\n<p>The Municipality of Esposende is committed to guarantee the privacy of the Internet website visitors.<\/p>\n<p>In addition to guaranteeing complete confidentiality and secrecy about the data we have access to, we commit to use it within the scope for which we collect it, never considering to sell, rent or share any personal data sent by our website users to third parties.<br \/>\nThe Municipality of Esposende respects the best and more effective practices under the scope of personal data privacy and security, and all the demands are being respected according to up-to-date technical knowledge to avoid loss, misuse, change, illegitimate intrusion and subtraction of personal data. Still, it is worth mentioning that no communication method or electronic storage is totally safe, and for that reason we cannot guarantee the data will not be consulted by third parties.<\/p>\n\t\t\t\t\t\t\t\t<\/div>\n\t\t\t\t<\/div>\n\t\t\t\t\t<\/div>\n\t\t<\/div>\n\t\t\t\t\t<\/div>\n\t\t<\/section>\n\t\t\t\t<section class=\"elementor-section elementor-top-section elementor-element elementor-element-268fb39 elementor-section-boxed elementor-section-height-default elementor-section-height-default\" data-id=\"268fb39\" data-element_type=\"section\" data-e-type=\"section\" id=\"cookies\">\n\t\t\t\t\t\t<div class=\"elementor-container elementor-column-gap-default\">\n\t\t\t\t\t<div class=\"elementor-column elementor-col-100 elementor-top-column elementor-element elementor-element-55827c1\" data-id=\"55827c1\" data-element_type=\"column\" data-e-type=\"column\">\n\t\t\t<div class=\"elementor-widget-wrap elementor-element-populated\">\n\t\t\t\t\t\t<div class=\"elementor-element elementor-element-ecd23b3 elementor-widget elementor-widget-text-editor\" data-id=\"ecd23b3\" data-element_type=\"widget\" data-e-type=\"widget\" data-widget_type=\"text-editor.default\">\n\t\t\t\t<div class=\"elementor-widget-container\">\n\t\t\t\t\t\t\t\t\t<p><strong>Cookies Policy<\/strong><\/p>\n<p>The cookies used on our website serve to improve the performance and your user experience. Cookies are small text files, stored on your device, that collect information about it and about your user experience.<\/p>\n<p>This information is used to register visits and statistics that track the website visitors\u2019 activity.<\/p>\n<p>The holders of this domain do not use the information stored in these files for commercial purposes with third parties nor do the cookies store data that may be used for marketing purposes.<\/p>\n<p>By surfing this website, you consent on cookies use and store on your device. Most browsers automatically accept cookies. If you do not wish to receive cookies you can disable all cookies through your web browser. The cookies stored in your device may be erased at any moment.<\/p>\n<p><strong>&nbsp;<\/strong><\/p>\n<p><strong>What is the purpose of cookies?<\/strong><\/p>\n<p>Cookies help you make the most of your experience on our websites, they serve to help determine usefulness, interest and number of websites accesses, hence allowing a faster and more efficient navigation, eliminating the need to repeatedly introducing the same information.<\/p>\n<p><strong>&nbsp;<\/strong><\/p>\n<p><strong>What type of cookies do we use?<\/strong><\/p>\n<p><strong>Essential Cookies:&nbsp;<\/strong><strong>they allow you to surf the website and use its applications<\/strong>, making it also possible to access the website\u2019s safe areas. Without these cookies, the services that you may have requested, cannot be provided.<\/p>\n<p><strong>Analytical Cookies:&nbsp;<\/strong><strong>they are used to analyze the way the visitors use the<\/strong> website and to monitor its performance. Consequently, we can offer a high quality, tailor made experience and we can also identify and correct any problems we may come across. These cookies are used only for statistics creation and analysis, they never collect personal information.<\/p>\n<p><strong>Performance Cookies:&nbsp;<\/strong><strong>they save the user\u2019s preferences, so it is not necessary to configure the website every time it is visited by the same user<\/strong>.<\/p>\n<p><strong>Third Party Cookies:<\/strong><strong>&nbsp;they <\/strong>measure the success of third parties\u2019 applications and advertising effectiveness. They may also be used to personalize a widget with the user data.<\/p>\n<p><strong>The cookies can be:<\/strong><\/p>\n<p><strong>Permanent&nbsp;<\/strong>\u2013 They remain stored, for a variable amount of time, in the browser of your access devices (PC, mobile and tablet) and they are used every time you pay a new visit to the website. The cookie lets the provider of your website recognize you and guide the navigation according to the user\u2019s interest, so to provide a better and more personalized service.<\/p>\n<p><strong>Session&nbsp;<\/strong>\u2013 Temporary cookies, they remain in your browser during your browser session only, that is, until you leave the website. The collected information helps identify errors and improve the website performance.<\/p>\n<p><strong>Cookies management:<\/strong><\/p>\n<p>Some cookies are eliminated the moment you close the tab or the browser (depending on the browser you use), other cookies are repeated when you visit again the website and certain cookies are eliminated after a period of time.<\/p>\n<p>The devices and browsers configuration can be modified to reject all or some of the cookies.<\/p>\n<p>The most common method is anonymous browsing.<\/p>\n<p>Browser information about cookies management<\/p>\n<p>Chrome:&nbsp;<a href=\"https:\/\/support.google.com\/chrome\/answer\/95647?hl=e\" target=\"_blank\" rel=\"noopener\">https:\/\/support.google.com\/chrome\/answer\/95647?hl=en<\/a><\/p>\n<p>Firefox:&nbsp;<a href=\"https:\/\/support.mozilla.org\/en-US\/kb\/enable-and-disable-cookies-website-preferences\" target=\"_blank\" rel=\"noopener\">https:\/\/support.mozilla.org\/en-US\/kb\/enable-and-disable-cookies-website-preferences<\/a><\/p>\n<p>Safari:&nbsp;<a href=\"https:\/\/support.apple.com\/pt-pt\/guide\/safari\/ibrw1069\/mac\" target=\"_blank\" rel=\"noopener\">https:\/\/support.apple.com\/pt-pt\/guide\/safari\/ibrw1069\/mac<\/a><br>Internet Explorer:&nbsp;<a href=\"https:\/\/support.microsoft.com\/pt-pt\/help\/17442\/windows-internet-explorer-delete-manage-cookies\" target=\"_blank\" rel=\"noopener\">https:\/\/support.microsoft.com\/pt-pt\/help\/17442\/windows-internet-explorer-delete-manage-cookies<\/a><\/p>\n<p>You can find more information on how to control the cookies here:&nbsp;<a href=\"https:\/\/www.aboutcookies.org\/how-to-control-cookies\/\" target=\"_blank\" rel=\"noopener\">https:\/\/www.aboutcookies.org\/how-to-control-cookies\/<\/a><br>Learn more on how to eliminate cookies in other browsers:&nbsp;<a href=\"https:\/\/www.aboutcookies.org\/how-to-delete-cookies\/\" target=\"_blank\" rel=\"noopener\">https:\/\/www.aboutcookies.org\/how-to-delete-cookies\/<\/a><\/p>\n<p>This website may not work properly if you deactivate or eliminate cookies, as restraining a significant part of the functionalities may cause an unexpected behavior.<\/p>\n<p>To learn more about cookies and their use, we recommend you check the following links:<\/p>\n<p><u>https:\/\/www.allaboutcookies.org<\/u><br><a href=\"https:\/\/www.aboutcookies.org\/\" target=\"_blank\" rel=\"noopener\">https:\/\/www.aboutcookies.org<\/a><\/p>\n<p>To control how third parties collect information through cookies, read these:<\/p>\n<p><a href=\"https:\/\/optout.aboutads.info\" target=\"_blank\" rel=\"noopener\">https:\/\/optout.aboutads.info<\/a><br><a href=\"https:\/\/www.youronlinechoices.com\/\" target=\"_blank\" rel=\"noopener\">https:\/\/www.youronlinechoices.com\/<\/a><br><a href=\"https:\/\/preferences-mgr.truste.com\/\" target=\"_blank\" rel=\"noopener\">https:\/\/preferences-mgr.truste.com\/<\/a><\/p>\n<p>DNT (Do not track) is a norm that many third-party cookies do not take as standard. If you want to know if your browser navigation is being followed or change its definitions, click here:&nbsp;<a href=\"https:\/\/allaboutdnt.com\/\" target=\"_blank\" rel=\"noopener\">https:\/\/allaboutdnt.com\/<\/a><\/p>\n<p><strong>&nbsp;<\/strong><\/p>\n<p><strong>The Cookies we use:<\/strong><\/p>\n<p>Google Analytics<br>Duration: 2 years<br>Liability: Google Inc.<br>Purpose: Used to determine new sessions, navigation between pages and content interaction for statistical purposes<br>More information and opt-out:&nbsp;<a href=\"https:\/\/tools.google.com\/dlpage\/gaoptout\" target=\"_blank\" rel=\"noopener\">https:\/\/tools.google.com\/dlpage\/gaoptout<\/a><\/p>\n<p>DoubleClick<br>Duration: 1 year<br>Liability: Google Inc.<br>Purpose: Store the users actions after interacting with an ad to measure and adequate the effectiveness of advertising (A Google exclusive)<br>More information and opt-out:&nbsp;<a href=\"https:\/\/policies.google.com\/technologies\/cookies\" style=\"background-color: rgb(255, 255, 255); font-size: 1rem;\" target=\"_blank\" rel=\"noopener\">https:\/\/policies.google.com\/technologies\/cookies<\/a><\/p>\n<p>Google Maps<br>Duration: Session<br>Liability: Google Inc.<br>Purpose: Collect anonymous information about the interaction with the map for statistical purposes. (A Google exclusive)<br>More information and opt-out:&nbsp;<a href=\"https:\/\/www.google.com\/intl\/pt_pt\/policies\/privacy\/\" target=\"_blank\" rel=\"noopener\">https:\/\/www.google.com\/intl\/pt_pt\/policies\/privacy\/<\/a><\/p>\n<p>Session ID<br>Duration: Session<br>Liability: Own<br>Purpose: Anonymous record kept during the session, from the moment the user enters the websites until the moment he\/she leaves, to register the users\u2019 preferences<\/p>\n<p>Cookie Consent<br>Liability: Own<br>Purpose: Registers the user consent to our cookies policy.<\/p>\n<p><strong>&nbsp;<\/strong><\/p>\n<p><strong>Copyright and Industrial Property<\/strong><\/p>\n<p>All data, trademarks and overall content in this website may be protected under the terms of general law and by national and international legislation on Industrial Property. The reproduction of information for personal use is permitted, but non-authorized modifications, imitations, borrowing, rental, transmission, or sale of any content in this website is strictly forbidden.<\/p>\n<p>All rights reserved unless we clearly grant them. Consequently, all texts, images, illustrations, photographs, advertisement, marks and other elements that constitute the website\u2019s content may be protected by law, hence being strictly prohibited any copy, reproduction, disclosure or transmission, utilization, modification, sale, publication or any other use, either total or partial, wherever means are used.<\/p>\n<p>Exempted from this interdiction are the free uses permitted by law, namely the right to quote, as long as the source is clearly identified.<\/p>\n<p>Permission is granted to use documents (such as Press Releases, Notices and Annual Financial Statements) from this website, provided the copyright notice is included in every copy. Those documents shall be used solely for informative purposes, rather than commercial or personal purposes. They shall not be saved or made available on non\u2011personal computer networks, nor released in any other means of communication, and changes to the documents are not allowed. Offenders will be subject to legal procedures.<\/p>\n<p>Although the personal data sent to us is covered by the terms of our privacy policy , it is our understanding that all information communicated to us by internet (including suggestions, material or ideas) are our property and exclusive use, though reserved. We do not have to treat such information as confidential.<\/p>\n<p>Some parts of the website may contain images that are copyrighted by their suppliers (for instance, photos from a bank of images).<\/p>\n<p>Any file to be download from the website, is copyrighted by the suppliers. The terms of use of these files are established by the operator that puts them online, so we recommend reading them.<\/p>\n<p><strong>Hyperlinks<\/strong><\/p>\n<p>To ease accessibility, links will be added to other internet websites. If you choose to use the links to those websites, you should review and accept the websites\u2019 rules prior to use them. We are not in a position to assure their quality, nor are we liable for the content or additional functionalities.<\/p>\n<p>The company\u2019s website is not responsible for the content or the topic of any other portal, including any given website that had conceded access to its portal or whose access has been granted through its portal.<\/p>\n<p><strong>Use and Risk<\/strong><\/p>\n<p>Neither the Municipality of Esposende, nor any other part involved in the creation, production, maintenance or implementation of the website can be held liable for any losses or damages (including, but not limited to, emergent damages, lost profit and moral damages, cause directly or indirectly) that emerge as a consequence of the user\u2019s correct or incorrect use of the website and its contents, of the access to the user&#8217;s computer and computer system by third parties, of viruses, etc.<\/p>\n<p>We state our commitment towards the safety of the website and we put into practice all the adequate technical, physical and logical protection measures to guarantee the website\u2019s security; however, we do not guarantee nor declare that the files available to download are free from virus, worms, trojans, scripts or any other code or program that contain destructive or prejudicial properties. Despite all the efforts to keep the contents updated and reliable, they may present inaccuracies, misspellings or be outdated, so they can be changed at any time without the obligation of prior notification. For that reason, its use is not recommended to sustain the decision-making process.<\/p>\n<h3>&nbsp;<\/h3>\n<p><strong>Subscription Terms<\/strong><\/p>\n<p>The START Esposende newsletter service involves the collection of a list of the subscribers\u2019 e-mail addresses.<\/p>\n<p>The e-mail address will be given in a voluntary and authorized basis and thereto it is necessary to fill in the compulsory fields of the website\u2019s form.<\/p>\n<p>The newsletter contains information considered relevant by START Esposende, responsible for its electronic dissemination, on a regular basis, whenever this entity finds timely.<\/p>\n<p>The user may at any time cancel the newsletter subscription, by clicking on the \u201cremove\u201d button, available in all the newsletters.<\/p>\n<p>The process will automatically withdraw your e-mail from the START Esposende database, thus suspending the electronic contacts with immediate effect.<\/p>\n<p>Subscribing the newsletter does NOT mean you are subscribing additional services from START Esposende, nor will you receive information from any other source rather than our company.<\/p>\t\t\t\t\t\t\t\t<\/div>\n\t\t\t\t<\/div>\n\t\t\t\t\t<\/div>\n\t\t<\/div>\n\t\t\t\t\t<\/div>\n\t\t<\/section>\n\t\t\t\t<section class=\"elementor-section elementor-top-section elementor-element elementor-element-5da01fd elementor-section-boxed elementor-section-height-default elementor-section-height-default\" data-id=\"5da01fd\" data-element_type=\"section\" data-e-type=\"section\" id=\"ral\">\n\t\t\t\t\t\t<div class=\"elementor-container elementor-column-gap-default\">\n\t\t\t\t\t<div class=\"elementor-column elementor-col-100 elementor-top-column elementor-element elementor-element-cd4d039\" data-id=\"cd4d039\" data-element_type=\"column\" data-e-type=\"column\">\n\t\t\t<div class=\"elementor-widget-wrap elementor-element-populated\">\n\t\t\t\t\t\t<div class=\"elementor-element elementor-element-7ba815d elementor-widget elementor-widget-text-editor\" data-id=\"7ba815d\" data-element_type=\"widget\" data-e-type=\"widget\" data-widget_type=\"text-editor.default\">\n\t\t\t\t<div class=\"elementor-widget-container\">\n\t\t\t\t\t\t\t\t\t<p><strong>Alternative Dispute Resolution <\/strong><\/p>\n<p>Arbitration Center \u2013 Law 144\/2015<\/p>\n<p>In case of legal dispute, the consumer can resort to an Alternative Dispute Resolution Entity. Please find a list of Portuguese Conciliation and Arbitration Centers below:<\/p>\n<p><strong>Centro de Informa\u00e7\u00e3o e Arbitragem do Vale do Ave (TRIAVE)<\/strong>\u00a0&#8211; Guimar\u00e3es \u2013 00\u00a0351 253 422 410<\/p>\n<p><strong>Centro de Informa\u00e7\u00e3o, Media\u00e7\u00e3o e Arbitragem de Consumo do Algarve (CIMAAL)<\/strong>\u00a0\u2013 00\u00a0351 289 823 135<\/p>\n<p><strong>Centro de Informa\u00e7\u00e3o e Arbitragem do Vale do C\u00e1vado (CIAB)<\/strong>\u00a0&#8211; Braga &#8211; 00\u00a0351 103 617 604<\/p>\n<p><strong>Centro de Arbitragem de conflitos de consumo da Regi\u00e3o Aut\u00f3noma da Madeira (CACRAM)<\/strong>\u00a0\u2013 00\u00a0351 291 203 800<\/p>\n<p><strong>Centro de Arbitragem de Conflitos de Consumo de Lisboa (CACCL)<\/strong>\u00a0&#8211; 218 80 70 30<\/p>\n<p><strong>Centro de Arbitragem de Conflitos de Consumo do Distrito de Coimbra (CACCDC)<\/strong>\u00a0&#8211; 00\u00a0351 239 821 690<\/p>\n<p><strong>Centro de Informa\u00e7\u00e3o de Consumo e Arbitragem do Porto (CICAP)<\/strong>\u00a0\u2013 22 550 83 49<\/p>\n<p><strong>Centro Nacional de Informa\u00e7\u00e3o e Arbitragem de Conflitos de Consumo (CNIACC)<\/strong>\u00a0\u2013 00\u00a0351 21 384 74 84<\/p>\n<p>Learn more on the consumer website:\u00a0<a href=\"https:\/\/www.consumidor.gov.pt\/\" target=\"_blank\" rel=\"noopener\">https:\/\/www.consumidor.gov.pt\/<\/a><\/p>\n\t\t\t\t\t\t\t\t<\/div>\n\t\t\t\t<\/div>\n\t\t\t\t\t<\/div>\n\t\t<\/div>\n\t\t\t\t\t<\/div>\n\t\t<\/section>\n\t\t\t\t<\/div>\n\t\t","protected":false},"excerpt":{"rendered":"<p>Privacy Policy \u2013 START Esposende Privacy Policy The Municipality of Esposende is committed towards respecting the privacy of its users and, for that reason, the following Privacy Policy was written to duly inform the users on how the website works and how their personal data is used. The references in this Privacy Policy to \u201cMunicipality [&hellip;]<\/p>\n","protected":false},"author":1,"featured_media":0,"parent":0,"menu_order":0,"comment_status":"closed","ping_status":"closed","template":"","meta":{"_acf_changed":false,"footnotes":""},"class_list":["post-2824","page","type-page","status-publish","hentry"],"acf":[],"_links":{"self":[{"href":"https:\/\/www.startesposende.pt\/en\/wp-json\/wp\/v2\/pages\/2824","targetHints":{"allow":["GET"]}}],"collection":[{"href":"https:\/\/www.startesposende.pt\/en\/wp-json\/wp\/v2\/pages"}],"about":[{"href":"https:\/\/www.startesposende.pt\/en\/wp-json\/wp\/v2\/types\/page"}],"author":[{"embeddable":true,"href":"https:\/\/www.startesposende.pt\/en\/wp-json\/wp\/v2\/users\/1"}],"replies":[{"embeddable":true,"href":"https:\/\/www.startesposende.pt\/en\/wp-json\/wp\/v2\/comments?post=2824"}],"version-history":[{"count":15,"href":"https:\/\/www.startesposende.pt\/en\/wp-json\/wp\/v2\/pages\/2824\/revisions"}],"predecessor-version":[{"id":11969,"href":"https:\/\/www.startesposende.pt\/en\/wp-json\/wp\/v2\/pages\/2824\/revisions\/11969"}],"wp:attachment":[{"href":"https:\/\/www.startesposende.pt\/en\/wp-json\/wp\/v2\/media?parent=2824"}],"curies":[{"name":"wp","href":"https:\/\/api.w.org\/{rel}","templated":true}]}}